{"id":1231,"date":"2021-07-01T09:05:29","date_gmt":"2021-07-01T07:05:29","guid":{"rendered":"https:\/\/www.visueelfestivalvisuel.be\/cookie-policy\/"},"modified":"2021-07-02T11:48:16","modified_gmt":"2021-07-02T09:48:16","slug":"cookie-policy","status":"publish","type":"page","link":"https:\/\/www.visueelfestivalvisuel.be\/fr\/cookie-policy\/","title":{"rendered":"Cookie policy"},"content":{"rendered":"\t\t<div data-elementor-type=\"wp-page\" data-elementor-id=\"1231\" class=\"elementor elementor-1231 elementor-1224\">\n\t\t\t\t\t\t\t\t\t<section class=\"elementor-section elementor-top-section elementor-element elementor-element-5f8e01b4 elementor-section-boxed elementor-section-height-default elementor-section-height-default\" data-id=\"5f8e01b4\" data-element_type=\"section\" data-settings=\"{&quot;jet_parallax_layout_list&quot;:[{&quot;jet_parallax_layout_image&quot;:{&quot;url&quot;:&quot;&quot;,&quot;id&quot;:&quot;&quot;,&quot;size&quot;:&quot;&quot;},&quot;_id&quot;:&quot;8e0bda4&quot;,&quot;jet_parallax_layout_speed&quot;:{&quot;unit&quot;:&quot;%&quot;,&quot;size&quot;:&quot;50&quot;,&quot;sizes&quot;:[]},&quot;jet_parallax_layout_bg_x&quot;:&quot;50&quot;,&quot;jet_parallax_layout_bg_y&quot;:&quot;50&quot;,&quot;jet_parallax_layout_image_tablet&quot;:{&quot;url&quot;:&quot;&quot;,&quot;id&quot;:&quot;&quot;,&quot;size&quot;:&quot;&quot;},&quot;jet_parallax_layout_image_mobile&quot;:{&quot;url&quot;:&quot;&quot;,&quot;id&quot;:&quot;&quot;,&quot;size&quot;:&quot;&quot;},&quot;jet_parallax_layout_type&quot;:&quot;scroll&quot;,&quot;jet_parallax_layout_direction&quot;:null,&quot;jet_parallax_layout_fx_direction&quot;:null,&quot;jet_parallax_layout_z_index&quot;:&quot;&quot;,&quot;jet_parallax_layout_bg_x_tablet&quot;:&quot;&quot;,&quot;jet_parallax_layout_bg_x_mobile&quot;:&quot;&quot;,&quot;jet_parallax_layout_bg_y_tablet&quot;:&quot;&quot;,&quot;jet_parallax_layout_bg_y_mobile&quot;:&quot;&quot;,&quot;jet_parallax_layout_bg_size&quot;:&quot;auto&quot;,&quot;jet_parallax_layout_bg_size_tablet&quot;:&quot;&quot;,&quot;jet_parallax_layout_bg_size_mobile&quot;:&quot;&quot;,&quot;jet_parallax_layout_animation_prop&quot;:&quot;transform&quot;,&quot;jet_parallax_layout_on&quot;:[&quot;desktop&quot;,&quot;tablet&quot;]}],&quot;background_background&quot;:&quot;classic&quot;}\">\n\t\t\t\t\t\t\t<div class=\"elementor-background-overlay\"><\/div>\n\t\t\t\t\t\t\t<div class=\"elementor-container elementor-column-gap-no\">\n\t\t\t\t\t<div class=\"elementor-column elementor-col-100 elementor-top-column elementor-element elementor-element-dbabd88\" data-id=\"dbabd88\" data-element_type=\"column\">\n\t\t\t<div class=\"elementor-widget-wrap elementor-element-populated\">\n\t\t\t\t\t\t\t\t<div class=\"elementor-element elementor-element-487b6fdf elementor-widget elementor-widget-heading\" data-id=\"487b6fdf\" data-element_type=\"widget\" data-widget_type=\"heading.default\">\n\t\t\t\t<div class=\"elementor-widget-container\">\n\t\t\t<h1 class=\"elementor-heading-title elementor-size-default\">Cookie policy<\/h1>\t\t<\/div>\n\t\t\t\t<\/div>\n\t\t\t\t<div class=\"elementor-element elementor-element-414726dd elementor-align-center elementor-widget elementor-widget-raven-breadcrumbs\" data-id=\"414726dd\" data-element_type=\"widget\" data-widget_type=\"raven-breadcrumbs.default\">\n\t\t\t\t<div class=\"elementor-widget-container\">\n\t\t\t<div class=\"raven-breadcrumbs raven-breadcrumbs-default\"><div class=\"breadcrumb\">\t\t\t\t<div class=\"breadcrumb-item active\" aria-current=\"page\"><span>Home<\/span><\/div>\n\n\t\t\t\t<\/div><\/div>\t\t<\/div>\n\t\t\t\t<\/div>\n\t\t\t\t\t<\/div>\n\t\t<\/div>\n\t\t\t\t\t\t\t<\/div>\n\t\t<\/section>\n\t\t\t\t<section class=\"elementor-section elementor-top-section elementor-element elementor-element-1771fb11 elementor-section-boxed elementor-section-height-default elementor-section-height-default\" data-id=\"1771fb11\" data-element_type=\"section\" data-settings=\"{&quot;jet_parallax_layout_list&quot;:[{&quot;jet_parallax_layout_image&quot;:{&quot;url&quot;:&quot;&quot;,&quot;id&quot;:&quot;&quot;,&quot;size&quot;:&quot;&quot;},&quot;_id&quot;:&quot;a8e180e&quot;,&quot;jet_parallax_layout_image_tablet&quot;:{&quot;url&quot;:&quot;&quot;,&quot;id&quot;:&quot;&quot;,&quot;size&quot;:&quot;&quot;},&quot;jet_parallax_layout_image_mobile&quot;:{&quot;url&quot;:&quot;&quot;,&quot;id&quot;:&quot;&quot;,&quot;size&quot;:&quot;&quot;},&quot;jet_parallax_layout_speed&quot;:{&quot;unit&quot;:&quot;%&quot;,&quot;size&quot;:50,&quot;sizes&quot;:[]},&quot;jet_parallax_layout_type&quot;:&quot;scroll&quot;,&quot;jet_parallax_layout_direction&quot;:null,&quot;jet_parallax_layout_fx_direction&quot;:null,&quot;jet_parallax_layout_z_index&quot;:&quot;&quot;,&quot;jet_parallax_layout_bg_x&quot;:50,&quot;jet_parallax_layout_bg_x_tablet&quot;:&quot;&quot;,&quot;jet_parallax_layout_bg_x_mobile&quot;:&quot;&quot;,&quot;jet_parallax_layout_bg_y&quot;:50,&quot;jet_parallax_layout_bg_y_tablet&quot;:&quot;&quot;,&quot;jet_parallax_layout_bg_y_mobile&quot;:&quot;&quot;,&quot;jet_parallax_layout_bg_size&quot;:&quot;auto&quot;,&quot;jet_parallax_layout_bg_size_tablet&quot;:&quot;&quot;,&quot;jet_parallax_layout_bg_size_mobile&quot;:&quot;&quot;,&quot;jet_parallax_layout_animation_prop&quot;:&quot;transform&quot;,&quot;jet_parallax_layout_on&quot;:[&quot;desktop&quot;,&quot;tablet&quot;]}]}\">\n\t\t\t\t\t\t<div class=\"elementor-container elementor-column-gap-default\">\n\t\t\t\t\t<div class=\"elementor-column elementor-col-100 elementor-top-column elementor-element elementor-element-69f2ccc4\" data-id=\"69f2ccc4\" data-element_type=\"column\">\n\t\t\t<div class=\"elementor-widget-wrap elementor-element-populated\">\n\t\t\t\t\t\t\t\t<div class=\"elementor-element elementor-element-56cb83ea elementor-widget elementor-widget-spacer\" data-id=\"56cb83ea\" data-element_type=\"widget\" data-widget_type=\"spacer.default\">\n\t\t\t\t<div class=\"elementor-widget-container\">\n\t\t\t\t\t<div class=\"elementor-spacer\">\n\t\t\t<div class=\"elementor-spacer-inner\"><\/div>\n\t\t<\/div>\n\t\t\t\t<\/div>\n\t\t\t\t<\/div>\n\t\t\t\t<div class=\"elementor-element elementor-element-f39e6a5 elementor-widget elementor-widget-text-editor\" data-id=\"f39e6a5\" data-element_type=\"widget\" data-widget_type=\"text-editor.default\">\n\t\t\t\t<div class=\"elementor-widget-container\">\n\t\t\t\t\t\t\t<p><em>Derni\u00e8re mise \u00e0 jour le 01\/07\/2021.<\/em><\/p><h2>1.\u00a0\u00a0\u00a0\u00a0 Bienvenue<\/h2><p>Nous sommes <span class=\"title2_value\">De Kroon<\/span>, une vzw, \u00e9tablie \u00e0 <span class=\"title2_value\">J.B. Vandendrieschstraat 19, <\/span><span class=\"title2_value\">1082\u00a0\u00a0Sint-Agatha-Berchem<\/span>, avec num\u00e9ro d\u2019entreprise BE0448071704.<\/p><p>Dans la pr\u00e9sente Politique en mati\u00e8re de cookies, nous vous expliquons quelles informations nous pouvons collecter via notre site Internet gr\u00e2ce aux cookies et comment nous les utilisons pour am\u00e9liorer nos services.<\/p><p>En utilisant notre site Internet, vous acceptez notre usage des cookies.<\/p><h2>2.\u00a0\u00a0\u00a0\u00a0 Cookies<\/h2><p>Un <em>cookie<\/em> est un petit fichier install\u00e9 temporairement par une page Internet sur votre ordinateur ou appareil mobile quand vous visitez un site Internet. Un cookie nous permet d\u2019identifier l\u2019appareil avec lequel vous visitez notre site sans que cela nous donne acc\u00e8s \u00e0 vos donn\u00e9es personnelles.<\/p><p>Les cookies sont faciles \u00e0 supprimer via les r\u00e9glages de votre navigateur. Vous pouvez param\u00e9trer votre navigateur de mani\u00e8re \u00e0 ce qu\u2019il refuse syst\u00e9matiquement les cookies. Cependant, cela peut g\u00eaner l\u2019utilisation de notre site Internet ou emp\u00eacher l\u2019acc\u00e8s \u00e0 certaines fonctionnalit\u00e9s.<\/p><h2>Types de cookies<\/h2><h3>2.1.\u00a0 COOKIES Fonctionnels<\/h3><p>Les cookies techniques peuvent servir \u00e0 garantir le bon fonctionnement de notre site Internet. Ils pr\u00e9sentent l\u2019avantage que vous ne deviez pas toujours saisir ou charger les m\u00eames informations ou r\u00e9glages \u00e0 chacune de vos visites sur notre site Internet\u00a0:<\/p><ul><li>PHPSESSID : ce cookie expire apr\u00e8s la session. (https:\/\/europrivacy.info\/cookie-policy\/)<br \/>CLOUDFLARE : Ce cookie expire apr\u00e8s 1 an. (https:\/\/www.cloudflare.com\/cookie-policy\/)<br \/>apbct_cookies_test : ce cookie expire apr\u00e8s la session. (https:\/\/cleanalk.org\/publicoffer#privacy)<br \/>apbct_page_hits : ce cookie expire apr\u00e8s la session. (https:\/\/cleanalk.org\/publicoffer#privacy)<br \/>apbct_site_landing_ts : ce cookie expire apr\u00e8s la session. (https:\/\/cleanalk.org\/publicoffer#privacy)<br \/>apbct_visible_fields : ce cookie expire apr\u00e8s la session. (https:\/\/cleanalk.org\/publicoffer#privacy)<br \/>CONSENTEMENT : Ce cookie expire apr\u00e8s 198 mois. (https:\/\/policies.google.com\/privacy?hl=nl&amp;gl=nl)<br \/>ct_ckeckjs : ce cookie expire apr\u00e8s la session. (https:\/\/cleanalk.org\/publicoffer#privacy)<br \/>ct_fkp_timestamp : ce cookie expire apr\u00e8s la session. (https:\/\/cleanalk.org\/publicoffer#privacy)<br \/>ct_pointer_data : ce cookie expire apr\u00e8s la session. (https:\/\/cleanalk.org\/publicoffer#privacy)<br \/>ct_ps_timestamp : ce cookie expire apr\u00e8s la session. (https:\/\/cleanalk.org\/publicoffer#privacy)<br \/>ct_sfw_pass_key : ce cookie expire apr\u00e8s 29 jours. (https:\/\/cleanalk.org\/publicoffer#privacy)<br \/>elementor : ce cookie est persistant. (https:\/\/elementor.com\/about\/privacy\/)<br \/>test_cookie : ce cookie expire apr\u00e8s 1 jour. (https:\/\/policies.google.com\/privacy?hl=fr)<\/li><\/ul><h3>2.2.\u00a0 COOKIES D\u2019Analyse<\/h3><p>Gr\u00e2ce \u00e0 ces cookies, nous pouvons proc\u00e9der \u00e0 une analyse g\u00e9n\u00e9rale de l\u2019utilisation de notre site Internet. Sur la base de statistiques anonymes, nous obtenons ainsi une id\u00e9e de la mani\u00e8re dont sont visit\u00e9es nos pages Internet, \u00e0 quelle fr\u00e9quence et pendant combien de temps. Cela nous permet d\u2019am\u00e9liorer et d\u2019optimiser notre site sur la base de ces informations\u00a0:<\/p><ul><li>Google Analytics (_ga) : Ce cookie expire au bout de 2 ans. (https:\/\/policies.google.com\/privacy)<br \/>Google Analytics (_gat) : ce cookie expire apr\u00e8s 1 jour. (https:\/\/policies.google.com\/privacy)<br \/>Google Analytics (_gid) : Ce cookie expire apr\u00e8s 1 jour. (https:\/\/policies.google.com\/privacy)<br \/>apbct_timestamp : ce cookie expire apr\u00e8s la session. (https:\/\/cleanalk.org\/publicoffer#privacy)<br \/>yt-player-headers-readable) : ce cookie est persistant. (https:\/\/policies.google.com\/privacy?hl=nl&amp;gl=nl)<\/li><\/ul><h3>2.3.\u00a0 Marketing<\/h3><p>Gr\u00e2ce \u00e0 ces cookies, nous pouvons montrer aux personnes int\u00e9ress\u00e9es des publicit\u00e9s cibl\u00e9es \u00e0 des fins de marketing\u00a0:<\/p><ul><li><p>Google Tag Manager : ce cookie expire apr\u00e8s la session. (https:\/\/policies.google.com\/privacy)<br \/>Google : ce cookie expire au bout de 6 mois. (https:\/\/policies.google.com\/privacy)<br \/>double-cliquez. Ce cookie expire apr\u00e8s la session. (https:\/\/policies.google.com\/privacy)<br \/>Facebook (_fbp) : Ce cookie expire apr\u00e8s 1 jour. (https:\/\/www.facebook.com\/policy.php)<br \/>Facebook (fr) : Ce cookie expire au bout de 3 mois. (https:\/\/www.facebook.com\/policy.php)<br \/>Facebook (tr) : ce cookie expire apr\u00e8s la session. (https:\/\/www.facebook.com\/policy.php)<br \/>Youtube (IDE) : Ce cookie expire apr\u00e8s 1 an. (https:\/\/policies.google.com\/privacy?hl=nl&amp;gl=nl)<br \/>Youtube (test_cookie) : Ce cookie expire apr\u00e8s 1 jour. (https:\/\/policies.google.com\/privacy?hl=nl&amp;gl=nl)<br \/>Youtube (VISITOR_INFO1_LIVE) : Ce cookie expire apr\u00e8s 179 jours. (https:\/\/policies.google.com\/privacy?hl=nl&amp;gl=nl)<br \/>Youtube (YSC) : Ce cookie expire apr\u00e8s la session. (https:\/\/policies.google.com\/privacy?hl=nl&amp;gl=nl)<br \/>yt.innertube::nextld : ce cookie est persistant. (https:\/\/policies.google.com\/privacy?hl=nl&amp;gl=nl)<br \/>yt.innertube::requests : Ce cookie est persistant. (https:\/\/policies.google.com\/privacy?hl=nl&amp;gl=nl)<\/p><p>Youtube (yt-remote-cast-available) : Ce cookie expire apr\u00e8s la session. (https:\/\/policies.google.com\/privacy?hl=nl&amp;gl=nl)<\/p><p>Youtube (yt-remote-cast-installed) : Ce cookie expire apr\u00e8s la session. (https:\/\/policies.google.com\/privacy?hl=nl&amp;gl=nl)<br \/>Youtube (yt-remote-connected-devices) : ce cookie est persistant. (https:\/\/policies.google.com\/privacy?hl=nl&amp;gl=nl)<br \/>Youtube (yt-remote-device-id) : ce cookie est persistant. (https:\/\/policies.google.com\/privacy?hl=nl&amp;gl=nl)<br \/>Youtube (yt-remote-fast-check-period) : Ce cookie expire apr\u00e8s la session. (https:\/\/policies.google.com\/privacy?hl=nl&amp;gl=nl)<br \/>Youtube (yt-remote-session-app) : ce cookie expire apr\u00e8s la session. (https:\/\/policies.google.com\/privacy?hl=nl&amp;gl=nl)<br \/>Youtube (yt-remote-session-name) : ce cookie expire apr\u00e8s la session. (https:\/\/policies.google.com\/privacy?hl=nl&amp;gl=nl)<\/p><\/li><\/ul><h3>2.4.\u00a0 R\u00e9seaux sociaux<\/h3><p>Ces cookies nous permettent d\u2019int\u00e9grer dans notre site Internet des applications de sites de r\u00e9seaux sociaux. Ces derniers peuvent ainsi collecter des donn\u00e9es\u00a0:<\/p><ul><li>Ce cookie est supprim\u00e9 apr\u00e8s un d\u00e9lai de 3 mois. (<a href=\"https:\/\/www.facebook.com\/policy.php\">https:\/\/www.facebook.com\/policy.php<\/a>)<\/li><li>Ce cookie est supprim\u00e9 apr\u00e8s la session. (<a href=\"https:\/\/twitter.com\/en\/privacy\">https:\/\/twitter.com\/en\/privacy<\/a>)<\/li><li>(https:\/\/www.linkedin.com\/legal\/privacy-policy)<\/li><\/ul><h3>2.5.\u00a0 Non-class\u00e9e<\/h3><ul><li>apbct_site_referer : ce cookie expire au bout de 2 jours. (https:\/\/cleanalk.org\/publicoffer#privacy)<br \/>apbct_urls : ce cookie expire au bout de 2 jours. (https:\/\/cleanalk.org\/publicoffer#privacy)<br \/>ct_checked_emails : ce cookie expire apr\u00e8s la session. (https:\/\/cleanalk.org\/publicoffer#privacy)<br \/>ct_has_scrolled : ce cookie expire apr\u00e8s la session. (https:\/\/cleanalk.org\/publicoffer#privacy)<br \/>ct_screen_info : ce cookie expire apr\u00e8s la session. (https:\/\/cleanalk.org\/publicoffer#privacy)<br \/>ct_timezone : ce cookie expire apr\u00e8s la session. (https:\/\/cleanalk.org\/publicoffer#privacy)<\/li><\/ul><h3>2.6.\u00a0 Preferences<\/h3><ul><li>yt-player-bandaid-host : ce cookie est persistant. (https:\/\/policies.google.com\/privacy?hl=nl&amp;gl=nl)<\/li><\/ul>\t\t\t\t\t\t<\/div>\n\t\t\t\t<\/div>\n\t\t\t\t\t<\/div>\n\t\t<\/div>\n\t\t\t\t\t\t\t<\/div>\n\t\t<\/section>\n\t\t\t\t<section class=\"elementor-section elementor-top-section elementor-element elementor-element-49a4aa82 elementor-section-boxed elementor-section-height-default elementor-section-height-default\" data-id=\"49a4aa82\" data-element_type=\"section\" data-settings=\"{&quot;jet_parallax_layout_list&quot;:[{&quot;jet_parallax_layout_image&quot;:{&quot;url&quot;:&quot;&quot;,&quot;id&quot;:&quot;&quot;,&quot;size&quot;:&quot;&quot;},&quot;_id&quot;:&quot;ac6da40&quot;,&quot;jet_parallax_layout_image_tablet&quot;:{&quot;url&quot;:&quot;&quot;,&quot;id&quot;:&quot;&quot;,&quot;size&quot;:&quot;&quot;},&quot;jet_parallax_layout_image_mobile&quot;:{&quot;url&quot;:&quot;&quot;,&quot;id&quot;:&quot;&quot;,&quot;size&quot;:&quot;&quot;},&quot;jet_parallax_layout_speed&quot;:{&quot;unit&quot;:&quot;%&quot;,&quot;size&quot;:50,&quot;sizes&quot;:[]},&quot;jet_parallax_layout_type&quot;:&quot;scroll&quot;,&quot;jet_parallax_layout_direction&quot;:null,&quot;jet_parallax_layout_fx_direction&quot;:null,&quot;jet_parallax_layout_z_index&quot;:&quot;&quot;,&quot;jet_parallax_layout_bg_x&quot;:50,&quot;jet_parallax_layout_bg_x_tablet&quot;:&quot;&quot;,&quot;jet_parallax_layout_bg_x_mobile&quot;:&quot;&quot;,&quot;jet_parallax_layout_bg_y&quot;:50,&quot;jet_parallax_layout_bg_y_tablet&quot;:&quot;&quot;,&quot;jet_parallax_layout_bg_y_mobile&quot;:&quot;&quot;,&quot;jet_parallax_layout_bg_size&quot;:&quot;auto&quot;,&quot;jet_parallax_layout_bg_size_tablet&quot;:&quot;&quot;,&quot;jet_parallax_layout_bg_size_mobile&quot;:&quot;&quot;,&quot;jet_parallax_layout_animation_prop&quot;:&quot;transform&quot;,&quot;jet_parallax_layout_on&quot;:[&quot;desktop&quot;,&quot;tablet&quot;]}]}\">\n\t\t\t\t\t\t<div class=\"elementor-container elementor-column-gap-default\">\n\t\t\t\t\t<div class=\"elementor-column elementor-col-100 elementor-top-column elementor-element elementor-element-493da06b\" data-id=\"493da06b\" data-element_type=\"column\">\n\t\t\t<div class=\"elementor-widget-wrap elementor-element-populated\">\n\t\t\t\t\t\t\t\t<div class=\"elementor-element elementor-element-13d88101 elementor-widget elementor-widget-spacer\" data-id=\"13d88101\" data-element_type=\"widget\" data-widget_type=\"spacer.default\">\n\t\t\t\t<div class=\"elementor-widget-container\">\n\t\t\t\t\t<div class=\"elementor-spacer\">\n\t\t\t<div class=\"elementor-spacer-inner\"><\/div>\n\t\t<\/div>\n\t\t\t\t<\/div>\n\t\t\t\t<\/div>\n\t\t\t\t\t<\/div>\n\t\t<\/div>\n\t\t\t\t\t\t\t<\/div>\n\t\t<\/section>\n\t\t\t\t\t\t\t<\/div>\n\t\t","protected":false},"excerpt":{"rendered":"<p>Cookie policy Home Derni\u00e8re mise \u00e0 jour le 01\/07\/2021. 1.\u00a0\u00a0\u00a0\u00a0 Bienvenue Nous sommes De Kroon, une vzw, \u00e9tablie \u00e0 J.B. Vandendrieschstraat 19, 1082\u00a0\u00a0Sint-Agatha-Berchem, avec num\u00e9ro d\u2019entreprise BE0448071704. Dans la pr\u00e9sente Politique en mati\u00e8re de cookies, nous vous expliquons quelles informations nous pouvons collecter via notre site Internet gr\u00e2ce aux cookies et comment nous les utilisons [&hellip;]<\/p>\n","protected":false},"author":1,"featured_media":0,"parent":0,"menu_order":0,"comment_status":"closed","ping_status":"closed","template":"elementor_header_footer","meta":{"_acf_changed":false,"inline_featured_image":false,"_exactmetrics_skip_tracking":false,"_exactmetrics_sitenote_active":false,"_exactmetrics_sitenote_note":"","_exactmetrics_sitenote_category":0,"footnotes":""},"class_list":["post-1231","page","type-page","status-publish","hentry"],"acf":[],"yoast_head":"<!-- This site is optimized with the Yoast SEO plugin v27.0 - https:\/\/yoast.com\/product\/yoast-seo-wordpress\/ -->\n<title>Cookie policy - Visueel Festival Visuel<\/title>\n<meta name=\"robots\" content=\"noindex, nofollow\" \/>\n<meta property=\"og:locale\" content=\"fr_FR\" \/>\n<meta property=\"og:type\" content=\"article\" \/>\n<meta property=\"og:title\" content=\"Cookie policy - Visueel Festival Visuel\" \/>\n<meta property=\"og:description\" content=\"Cookie policy Home Derni\u00e8re mise \u00e0 jour le 01\/07\/2021. 1.\u00a0\u00a0\u00a0\u00a0 Bienvenue Nous sommes De Kroon, une vzw, \u00e9tablie \u00e0 J.B. Vandendrieschstraat 19, 1082\u00a0\u00a0Sint-Agatha-Berchem, avec num\u00e9ro d\u2019entreprise BE0448071704. Dans la pr\u00e9sente Politique en mati\u00e8re de cookies, nous vous expliquons quelles informations nous pouvons collecter via notre site Internet gr\u00e2ce aux cookies et comment nous les utilisons [&hellip;]\" \/>\n<meta property=\"og:url\" content=\"https:\/\/www.visueelfestivalvisuel.be\/fr\/cookie-policy\/\" \/>\n<meta property=\"og:site_name\" content=\"Visueel Festival Visuel\" \/>\n<meta property=\"article:modified_time\" content=\"2021-07-02T09:48:16+00:00\" \/>\n<meta name=\"twitter:card\" content=\"summary_large_image\" \/>\n<meta name=\"twitter:label1\" content=\"Dur\u00e9e de lecture estim\u00e9e\" \/>\n\t<meta name=\"twitter:data1\" content=\"4 minutes\" \/>\n<script type=\"application\/ld+json\" class=\"yoast-schema-graph\">{\"@context\":\"https:\/\/schema.org\",\"@graph\":[{\"@type\":\"WebPage\",\"@id\":\"https:\/\/www.visueelfestivalvisuel.be\/fr\/cookie-policy\/\",\"url\":\"https:\/\/www.visueelfestivalvisuel.be\/fr\/cookie-policy\/\",\"name\":\"Cookie policy - Visueel Festival Visuel\",\"isPartOf\":{\"@id\":\"https:\/\/www.visueelfestivalvisuel.be\/fr\/#website\"},\"datePublished\":\"2021-07-01T07:05:29+00:00\",\"dateModified\":\"2021-07-02T09:48:16+00:00\",\"breadcrumb\":{\"@id\":\"https:\/\/www.visueelfestivalvisuel.be\/fr\/cookie-policy\/#breadcrumb\"},\"inLanguage\":\"fr-FR\",\"potentialAction\":[{\"@type\":\"ReadAction\",\"target\":[\"https:\/\/www.visueelfestivalvisuel.be\/fr\/cookie-policy\/\"]}]},{\"@type\":\"BreadcrumbList\",\"@id\":\"https:\/\/www.visueelfestivalvisuel.be\/fr\/cookie-policy\/#breadcrumb\",\"itemListElement\":[{\"@type\":\"ListItem\",\"position\":1,\"name\":\"Home\",\"item\":\"https:\/\/www.visueelfestivalvisuel.be\/fr\/\"},{\"@type\":\"ListItem\",\"position\":2,\"name\":\"Cookie policy\"}]},{\"@type\":\"WebSite\",\"@id\":\"https:\/\/www.visueelfestivalvisuel.be\/fr\/#website\",\"url\":\"https:\/\/www.visueelfestivalvisuel.be\/fr\/\",\"name\":\"Visueel Festival Visuel\",\"description\":\"\",\"potentialAction\":[{\"@type\":\"SearchAction\",\"target\":{\"@type\":\"EntryPoint\",\"urlTemplate\":\"https:\/\/www.visueelfestivalvisuel.be\/fr\/?s={search_term_string}\"},\"query-input\":{\"@type\":\"PropertyValueSpecification\",\"valueRequired\":true,\"valueName\":\"search_term_string\"}}],\"inLanguage\":\"fr-FR\"}]}<\/script>\n<!-- \/ Yoast SEO plugin. -->","yoast_head_json":{"title":"Cookie policy - Visueel Festival Visuel","robots":{"index":"noindex","follow":"nofollow"},"og_locale":"fr_FR","og_type":"article","og_title":"Cookie policy - Visueel Festival Visuel","og_description":"Cookie policy Home Derni\u00e8re mise \u00e0 jour le 01\/07\/2021. 1.\u00a0\u00a0\u00a0\u00a0 Bienvenue Nous sommes De Kroon, une vzw, \u00e9tablie \u00e0 J.B. Vandendrieschstraat 19, 1082\u00a0\u00a0Sint-Agatha-Berchem, avec num\u00e9ro d\u2019entreprise BE0448071704. Dans la pr\u00e9sente Politique en mati\u00e8re de cookies, nous vous expliquons quelles informations nous pouvons collecter via notre site Internet gr\u00e2ce aux cookies et comment nous les utilisons [&hellip;]","og_url":"https:\/\/www.visueelfestivalvisuel.be\/fr\/cookie-policy\/","og_site_name":"Visueel Festival Visuel","article_modified_time":"2021-07-02T09:48:16+00:00","twitter_card":"summary_large_image","twitter_misc":{"Dur\u00e9e de lecture estim\u00e9e":"4 minutes"},"schema":{"@context":"https:\/\/schema.org","@graph":[{"@type":"WebPage","@id":"https:\/\/www.visueelfestivalvisuel.be\/fr\/cookie-policy\/","url":"https:\/\/www.visueelfestivalvisuel.be\/fr\/cookie-policy\/","name":"Cookie policy - Visueel Festival Visuel","isPartOf":{"@id":"https:\/\/www.visueelfestivalvisuel.be\/fr\/#website"},"datePublished":"2021-07-01T07:05:29+00:00","dateModified":"2021-07-02T09:48:16+00:00","breadcrumb":{"@id":"https:\/\/www.visueelfestivalvisuel.be\/fr\/cookie-policy\/#breadcrumb"},"inLanguage":"fr-FR","potentialAction":[{"@type":"ReadAction","target":["https:\/\/www.visueelfestivalvisuel.be\/fr\/cookie-policy\/"]}]},{"@type":"BreadcrumbList","@id":"https:\/\/www.visueelfestivalvisuel.be\/fr\/cookie-policy\/#breadcrumb","itemListElement":[{"@type":"ListItem","position":1,"name":"Home","item":"https:\/\/www.visueelfestivalvisuel.be\/fr\/"},{"@type":"ListItem","position":2,"name":"Cookie policy"}]},{"@type":"WebSite","@id":"https:\/\/www.visueelfestivalvisuel.be\/fr\/#website","url":"https:\/\/www.visueelfestivalvisuel.be\/fr\/","name":"Visueel Festival Visuel","description":"","potentialAction":[{"@type":"SearchAction","target":{"@type":"EntryPoint","urlTemplate":"https:\/\/www.visueelfestivalvisuel.be\/fr\/?s={search_term_string}"},"query-input":{"@type":"PropertyValueSpecification","valueRequired":true,"valueName":"search_term_string"}}],"inLanguage":"fr-FR"}]}},"_links":{"self":[{"href":"https:\/\/www.visueelfestivalvisuel.be\/fr\/wp-json\/wp\/v2\/pages\/1231","targetHints":{"allow":["GET"]}}],"collection":[{"href":"https:\/\/www.visueelfestivalvisuel.be\/fr\/wp-json\/wp\/v2\/pages"}],"about":[{"href":"https:\/\/www.visueelfestivalvisuel.be\/fr\/wp-json\/wp\/v2\/types\/page"}],"author":[{"embeddable":true,"href":"https:\/\/www.visueelfestivalvisuel.be\/fr\/wp-json\/wp\/v2\/users\/1"}],"replies":[{"embeddable":true,"href":"https:\/\/www.visueelfestivalvisuel.be\/fr\/wp-json\/wp\/v2\/comments?post=1231"}],"version-history":[{"count":0,"href":"https:\/\/www.visueelfestivalvisuel.be\/fr\/wp-json\/wp\/v2\/pages\/1231\/revisions"}],"wp:attachment":[{"href":"https:\/\/www.visueelfestivalvisuel.be\/fr\/wp-json\/wp\/v2\/media?parent=1231"}],"curies":[{"name":"wp","href":"https:\/\/api.w.org\/{rel}","templated":true}]}}